{"id":1474,"date":"2024-09-26T18:34:36","date_gmt":"2024-09-26T18:34:36","guid":{"rendered":"https:\/\/areiaislamujeres.com\/es\/website\/?page_id=1474"},"modified":"2025-06-12T22:21:31","modified_gmt":"2025-06-12T22:21:31","slug":"blog","status":"publish","type":"page","link":"https:\/\/areiaislamujeres.com\/es\/blog\/","title":{"rendered":"Blog"},"content":{"rendered":"\t\t<div data-elementor-type=\"wp-page\" data-elementor-id=\"1474\" class=\"elementor elementor-1474\" data-elementor-post-type=\"page\">\n\t\t\t\t\t\t<section class=\"elementor-section elementor-top-section elementor-element elementor-element-38f6d56 elementor-section-full_width elementor-section-height-default elementor-section-height-default\" data-id=\"38f6d56\" data-element_type=\"section\">\n\t\t\t\t\t\t<div class=\"elementor-container elementor-column-gap-default\">\n\t\t\t\t\t<div class=\"elementor-column elementor-col-100 elementor-top-column elementor-element elementor-element-99c19b5\" data-id=\"99c19b5\" data-element_type=\"column\">\n\t\t\t<div class=\"elementor-widget-wrap elementor-element-populated\">\n\t\t\t\t\t<div class=\"elementor-background-overlay\"><\/div>\n\t\t\t\t\t\t<section class=\"elementor-section elementor-inner-section elementor-element elementor-element-828b1e4 elementor-section-height-min-height elementor-section-boxed elementor-section-height-default\" data-id=\"828b1e4\" data-element_type=\"section\" data-settings=\"{&quot;background_background&quot;:&quot;video&quot;,&quot;background_video_link&quot;:&quot;https:\\\/\\\/mmonkey.sfo3.cdn.digitaloceanspaces.com\\\/areia\\\/MM_ISLA%20M_AREIA_DESKTOP.mp4&quot;,&quot;background_play_on_mobile&quot;:&quot;yes&quot;}\">\n\t\t\t\t\t\t\t\t<div class=\"elementor-background-video-container\">\n\t\t\t\t\t\t\t\t\t\t\t\t\t<video class=\"elementor-background-video-hosted elementor-html5-video\" autoplay muted playsinline loop><\/video>\n\t\t\t\t\t\t\t\t\t\t\t<\/div>\n\t\t\t\t\t\t\t\t\t<div class=\"elementor-background-overlay\"><\/div>\n\t\t\t\t\t\t\t<div class=\"elementor-container elementor-column-gap-default\">\n\t\t\t\t\t<div class=\"elementor-column elementor-col-100 elementor-inner-column elementor-element elementor-element-de41978\" data-id=\"de41978\" data-element_type=\"column\" data-settings=\"{&quot;background_background&quot;:&quot;classic&quot;}\">\n\t\t\t<div class=\"elementor-widget-wrap elementor-element-populated\">\n\t\t\t\t\t\t<div class=\"elementor-element elementor-element-f79bad5 de_scroll_translateY_distance_-500 logobnnner de_scroll_scale_distance_1.5 elementor-widget elementor-widget-image\" data-id=\"f79bad5\" data-element_type=\"widget\" data-widget_type=\"image.default\">\n\t\t\t\t<div class=\"elementor-widget-container\">\n\t\t\t\t\t\t\t\t\t\t\t\t\t<img fetchpriority=\"high\" decoding=\"async\" width=\"450\" height=\"138\" src=\"https:\/\/areiaislamujeres.com\/es\/wp-content\/uploads\/sites\/2\/2024\/09\/areia-sin-apellido.png\" class=\"attachment-full size-full wp-image-74\" alt=\"\" srcset=\"https:\/\/areiaislamujeres.com\/es\/wp-content\/uploads\/sites\/2\/2024\/09\/areia-sin-apellido.png 450w, https:\/\/areiaislamujeres.com\/es\/wp-content\/uploads\/sites\/2\/2024\/09\/areia-sin-apellido-300x92.png 300w\" sizes=\"(max-width: 450px) 100vw, 450px\" \/>\t\t\t\t\t\t\t\t\t\t\t\t\t<\/div>\n\t\t\t\t<\/div>\n\t\t\t\t\t<\/div>\n\t\t<\/div>\n\t\t\t\t\t<\/div>\n\t\t<\/section>\n\t\t\t\t\t<\/div>\n\t\t<\/div>\n\t\t\t\t\t<\/div>\n\t\t<\/section>\n\t\t<div class=\"elementor-element elementor-element-9c024d6 e-flex e-con-boxed e-con e-parent\" data-id=\"9c024d6\" data-element_type=\"container\">\n\t\t\t\t\t<div class=\"e-con-inner\">\n\t\t\t\t<div class=\"elementor-element elementor-element-098b499 de_scroll_animation_no elementor-invisible elementor-widget elementor-widget-heading\" data-id=\"098b499\" data-element_type=\"widget\" data-settings=\"{&quot;_animation&quot;:&quot;fadeIn&quot;,&quot;_animation_delay&quot;:200}\" data-widget_type=\"heading.default\">\n\t\t\t\t<div class=\"elementor-widget-container\">\n\t\t\t<h2 class=\"elementor-heading-title elementor-size-default\">Blog<\/h2>\t\t<\/div>\n\t\t\t\t<\/div>\n\t\t\t\t\t<\/div>\n\t\t\t\t<\/div>\n\t\t<div class=\"elementor-element elementor-element-3dba97a e-flex e-con-boxed e-con e-parent\" data-id=\"3dba97a\" data-element_type=\"container\">\n\t\t\t\t\t<div class=\"e-con-inner\">\n\t\t\t\t<div class=\"elementor-element elementor-element-a386eeb elementor-grid-3 elementor-grid-tablet-2 elementor-grid-mobile-1 elementor-posts--thumbnail-top elementor-card-shadow-yes elementor-posts__hover-gradient de_scroll_animation_no elementor-widget elementor-widget-posts\" data-id=\"a386eeb\" data-element_type=\"widget\" data-settings=\"{&quot;cards_columns&quot;:&quot;3&quot;,&quot;cards_columns_tablet&quot;:&quot;2&quot;,&quot;cards_columns_mobile&quot;:&quot;1&quot;,&quot;cards_row_gap&quot;:{&quot;unit&quot;:&quot;px&quot;,&quot;size&quot;:35,&quot;sizes&quot;:[]},&quot;cards_row_gap_tablet&quot;:{&quot;unit&quot;:&quot;px&quot;,&quot;size&quot;:&quot;&quot;,&quot;sizes&quot;:[]},&quot;cards_row_gap_mobile&quot;:{&quot;unit&quot;:&quot;px&quot;,&quot;size&quot;:&quot;&quot;,&quot;sizes&quot;:[]}}\" data-widget_type=\"posts.cards\">\n\t\t\t\t<div class=\"elementor-widget-container\">\n\t\t\t\t\t<div class=\"elementor-posts-container elementor-posts elementor-posts--skin-cards elementor-grid\">\n\t\t\t\t<article class=\"elementor-post elementor-grid-item post-2478 post type-post status-publish format-standard hentry category-sin-categoria\">\n\t\t\t<div class=\"elementor-post__card\">\n\t\t\t\t<div class=\"elementor-post__text\">\n\t\t\t\t<h3 class=\"elementor-post__title\">\n\t\t\t<a href=\"https:\/\/areiaislamujeres.com\/es\/blog\/2026\/02\/19\/todos-van-a-estar-en-somnia-2026-y-tu\/\" >\n\t\t\t\tTodos van a estar en SOMNIA 2026. \u00bfY t\u00fa?\t\t\t<\/a>\n\t\t<\/h3>\n\t\t\t\t<div class=\"elementor-post__excerpt\">\n\t\t\t<p>Hay eventos de los que te enteras. Y hay eventos que lamentas haberte perdido. Este 14 de marzo, SOMNIA regresa a Mayan Monkey Isla Mujeres<\/p>\n\t\t<\/div>\n\t\t\n\t\t<a class=\"elementor-post__read-more\" href=\"https:\/\/areiaislamujeres.com\/es\/blog\/2026\/02\/19\/todos-van-a-estar-en-somnia-2026-y-tu\/\" aria-label=\"Read more about Todos van a estar en SOMNIA 2026. \u00bfY t\u00fa?\" tabindex=\"-1\" >\n\t\t\tLeer M\u00e1s \u00bb\t\t<\/a>\n\n\t\t\t\t<\/div>\n\t\t\t\t<div class=\"elementor-post__meta-data\">\n\t\t\t\t\t<span class=\"elementor-post-date\">\n\t\t\t19 febrero, 2026\t\t<\/span>\n\t\t\t\t<\/div>\n\t\t\t\t\t<\/div>\n\t\t<\/article>\n\t\t\t\t<article class=\"elementor-post elementor-grid-item post-2472 post type-post status-publish format-standard hentry category-sin-categoria\">\n\t\t\t<div class=\"elementor-post__card\">\n\t\t\t\t<div class=\"elementor-post__text\">\n\t\t\t\t<h3 class=\"elementor-post__title\">\n\t\t\t<a href=\"https:\/\/areiaislamujeres.com\/es\/blog\/2026\/02\/11\/2472\/\" >\n\t\t\t\t\t\t\t<\/a>\n\t\t<\/h3>\n\t\t\t\t<div class=\"elementor-post__excerpt\">\n\t\t\t<p>Celebra Galentine\u2019s Day con tus amigas y frente al mar San Valent\u00edn no siempre tiene que ser una cena rom\u00e1ntica a la luz de las<\/p>\n\t\t<\/div>\n\t\t\n\t\t<a class=\"elementor-post__read-more\" href=\"https:\/\/areiaislamujeres.com\/es\/blog\/2026\/02\/11\/2472\/\" aria-label=\"Read more about \" tabindex=\"-1\" >\n\t\t\tLeer M\u00e1s \u00bb\t\t<\/a>\n\n\t\t\t\t<\/div>\n\t\t\t\t<div class=\"elementor-post__meta-data\">\n\t\t\t\t\t<span class=\"elementor-post-date\">\n\t\t\t11 febrero, 2026\t\t<\/span>\n\t\t\t\t<\/div>\n\t\t\t\t\t<\/div>\n\t\t<\/article>\n\t\t\t\t<article class=\"elementor-post elementor-grid-item post-2467 post type-post status-publish format-standard hentry category-sin-categoria\">\n\t\t\t<div class=\"elementor-post__card\">\n\t\t\t\t<div class=\"elementor-post__text\">\n\t\t\t\t<h3 class=\"elementor-post__title\">\n\t\t\t<a href=\"https:\/\/areiaislamujeres.com\/es\/blog\/2026\/01\/29\/hablemos-claro-celebrar-un-bachelorette-en-un-beach-club\/\" >\n\t\t\t\tHABLEMOS CLARO: CELEBRAR UN BACHELORETTE EN UN BEACH CLUB\t\t\t<\/a>\n\t\t<\/h3>\n\t\t\t\t<div class=\"elementor-post__excerpt\">\n\t\t\t<p>Hablemos claro, no todas las despedidas de soltera necesitan limos, antros llenos o una noche que se termina antes de empezar. Celebrar un bachelorette en<\/p>\n\t\t<\/div>\n\t\t\n\t\t<a class=\"elementor-post__read-more\" href=\"https:\/\/areiaislamujeres.com\/es\/blog\/2026\/01\/29\/hablemos-claro-celebrar-un-bachelorette-en-un-beach-club\/\" aria-label=\"Read more about HABLEMOS CLARO: CELEBRAR UN BACHELORETTE EN UN BEACH CLUB\" tabindex=\"-1\" >\n\t\t\tLeer M\u00e1s \u00bb\t\t<\/a>\n\n\t\t\t\t<\/div>\n\t\t\t\t<div class=\"elementor-post__meta-data\">\n\t\t\t\t\t<span class=\"elementor-post-date\">\n\t\t\t29 enero, 2026\t\t<\/span>\n\t\t\t\t<\/div>\n\t\t\t\t\t<\/div>\n\t\t<\/article>\n\t\t\t\t<article class=\"elementor-post elementor-grid-item post-2461 post type-post status-publish format-standard hentry category-sin-categoria\">\n\t\t\t<div class=\"elementor-post__card\">\n\t\t\t\t<div class=\"elementor-post__text\">\n\t\t\t\t<h3 class=\"elementor-post__title\">\n\t\t\t<a href=\"https:\/\/areiaislamujeres.com\/es\/blog\/2026\/01\/27\/esta-es-tu-senal-para-pasar-todo-el-dia-en-un-beach-club\/\" >\n\t\t\t\tESTA ES TU SE\u00d1AL PARA PASAR TODO EL D\u00cdA EN UN BEACH CLUB\t\t\t<\/a>\n\t\t<\/h3>\n\t\t\t\t<div class=\"elementor-post__excerpt\">\n\t\t\t<p>Despu\u00e9s de tantos d\u00edas frente al mar, hay algo que tenemos claro: los d\u00edas de playa no est\u00e1n hechos para vivir con prisa. Est\u00e1n hechos<\/p>\n\t\t<\/div>\n\t\t\n\t\t<a class=\"elementor-post__read-more\" href=\"https:\/\/areiaislamujeres.com\/es\/blog\/2026\/01\/27\/esta-es-tu-senal-para-pasar-todo-el-dia-en-un-beach-club\/\" aria-label=\"Read more about ESTA ES TU SE\u00d1AL PARA PASAR TODO EL D\u00cdA EN UN BEACH CLUB\" tabindex=\"-1\" >\n\t\t\tLeer M\u00e1s \u00bb\t\t<\/a>\n\n\t\t\t\t<\/div>\n\t\t\t\t<div class=\"elementor-post__meta-data\">\n\t\t\t\t\t<span class=\"elementor-post-date\">\n\t\t\t27 enero, 2026\t\t<\/span>\n\t\t\t\t<\/div>\n\t\t\t\t\t<\/div>\n\t\t<\/article>\n\t\t\t\t<article class=\"elementor-post elementor-grid-item post-2457 post type-post status-publish format-standard hentry category-sin-categoria\">\n\t\t\t<div class=\"elementor-post__card\">\n\t\t\t\t<div class=\"elementor-post__text\">\n\t\t\t\t<h3 class=\"elementor-post__title\">\n\t\t\t<a href=\"https:\/\/areiaislamujeres.com\/es\/blog\/2026\/01\/23\/si-aun-estas-planeando-un-bachelorette-de-una-sola-noche-lee-esto\/\" >\n\t\t\t\tSI A\u00daN EST\u00c1S PLANEANDO UN BACHELORETTE DE UNA SOLA NOCHE, LEE ESTO\t\t\t<\/a>\n\t\t<\/h3>\n\t\t\t\t<div class=\"elementor-post__excerpt\">\n\t\t\t<p>Seamos honestas: las despedidas de soltera de una sola noche suenan bien\u2026 hasta que se terminan antes de que realmente empiecen. Semanas de planeaci\u00f3n, grupos<\/p>\n\t\t<\/div>\n\t\t\n\t\t<a class=\"elementor-post__read-more\" href=\"https:\/\/areiaislamujeres.com\/es\/blog\/2026\/01\/23\/si-aun-estas-planeando-un-bachelorette-de-una-sola-noche-lee-esto\/\" aria-label=\"Read more about SI A\u00daN EST\u00c1S PLANEANDO UN BACHELORETTE DE UNA SOLA NOCHE, LEE ESTO\" tabindex=\"-1\" >\n\t\t\tLeer M\u00e1s \u00bb\t\t<\/a>\n\n\t\t\t\t<\/div>\n\t\t\t\t<div class=\"elementor-post__meta-data\">\n\t\t\t\t\t<span class=\"elementor-post-date\">\n\t\t\t23 enero, 2026\t\t<\/span>\n\t\t\t\t<\/div>\n\t\t\t\t\t<\/div>\n\t\t<\/article>\n\t\t\t\t<article class=\"elementor-post elementor-grid-item post-2442 post type-post status-publish format-standard has-post-thumbnail hentry category-sin-categoria\">\n\t\t\t<div class=\"elementor-post__card\">\n\t\t\t\t<a class=\"elementor-post__thumbnail__link\" href=\"https:\/\/areiaislamujeres.com\/es\/blog\/2026\/01\/12\/como-disenar-un-wedding-weekend-que-los-invitados-nunca-olvidaran\/\" tabindex=\"-1\" ><div class=\"elementor-post__thumbnail\"><img decoding=\"async\" width=\"300\" height=\"169\" src=\"https:\/\/areiaislamujeres.com\/es\/wp-content\/uploads\/sites\/2\/2026\/01\/VENUE-5-1-1-300x169.jpg\" class=\"attachment-medium size-medium wp-image-2443\" alt=\"\" srcset=\"https:\/\/areiaislamujeres.com\/es\/wp-content\/uploads\/sites\/2\/2026\/01\/VENUE-5-1-1-300x169.jpg 300w, https:\/\/areiaislamujeres.com\/es\/wp-content\/uploads\/sites\/2\/2026\/01\/VENUE-5-1-1-1024x576.jpg 1024w, https:\/\/areiaislamujeres.com\/es\/wp-content\/uploads\/sites\/2\/2026\/01\/VENUE-5-1-1-768x432.jpg 768w, https:\/\/areiaislamujeres.com\/es\/wp-content\/uploads\/sites\/2\/2026\/01\/VENUE-5-1-1.jpg 1280w\" sizes=\"(max-width: 300px) 100vw, 300px\" \/><\/div><\/a>\n\t\t\t\t<div class=\"elementor-post__text\">\n\t\t\t\t<h3 class=\"elementor-post__title\">\n\t\t\t<a href=\"https:\/\/areiaislamujeres.com\/es\/blog\/2026\/01\/12\/como-disenar-un-wedding-weekend-que-los-invitados-nunca-olvidaran\/\" >\n\t\t\t\tC\u00f3mo Dise\u00f1ar un Wedding Weekend inolvidable en Isla Mujeres\t\t\t<\/a>\n\t\t<\/h3>\n\t\t\t\t<div class=\"elementor-post__excerpt\">\n\t\t\t<p>C\u00f3mo dise\u00f1ar un fin de semana de boda inolvidable en Isla Mujeres En Areia Isla Mujeres, creemos que las bodas inolvidables no giran en torno<\/p>\n\t\t<\/div>\n\t\t\n\t\t<a class=\"elementor-post__read-more\" href=\"https:\/\/areiaislamujeres.com\/es\/blog\/2026\/01\/12\/como-disenar-un-wedding-weekend-que-los-invitados-nunca-olvidaran\/\" aria-label=\"Read more about C\u00f3mo Dise\u00f1ar un Wedding Weekend inolvidable en Isla Mujeres\" tabindex=\"-1\" >\n\t\t\tLeer M\u00e1s \u00bb\t\t<\/a>\n\n\t\t\t\t<\/div>\n\t\t\t\t<div class=\"elementor-post__meta-data\">\n\t\t\t\t\t<span class=\"elementor-post-date\">\n\t\t\t12 enero, 2026\t\t<\/span>\n\t\t\t\t<\/div>\n\t\t\t\t\t<\/div>\n\t\t<\/article>\n\t\t\t\t<\/div>\n\t\t\n\t\t\t\t<\/div>\n\t\t\t\t<\/div>\n\t\t\t\t\t<\/div>\n\t\t\t\t<\/div>\n\t\t\t\t<\/div>\n\t\t","protected":false},"excerpt":{"rendered":"<p>Blog<\/p>\n","protected":false},"author":1,"featured_media":0,"parent":0,"menu_order":0,"comment_status":"closed","ping_status":"closed","template":"","meta":{"_acf_changed":false,"footnotes":""},"class_list":["post-1474","page","type-page","status-publish","hentry"],"acf":[],"yoast_head":"<!-- This site is optimized with the Yoast SEO plugin v24.2 - https:\/\/yoast.com\/wordpress\/plugins\/seo\/ -->\n<title>Blog - Areia Restaurant &amp; Beach Club es<\/title>\n<meta name=\"robots\" content=\"index, follow, max-snippet:-1, max-image-preview:large, max-video-preview:-1\" \/>\n<link rel=\"canonical\" href=\"https:\/\/areiaislamujeres.com\/es\/blog\/\" \/>\n<meta property=\"og:locale\" content=\"es_MX\" \/>\n<meta property=\"og:type\" content=\"article\" \/>\n<meta property=\"og:title\" content=\"Blog - Areia Restaurant &amp; Beach Club es\" \/>\n<meta property=\"og:description\" content=\"Blog\" \/>\n<meta property=\"og:url\" content=\"https:\/\/areiaislamujeres.com\/es\/blog\/\" \/>\n<meta property=\"og:site_name\" content=\"Areia Restaurant &amp; Beach Club es\" \/>\n<meta property=\"article:modified_time\" content=\"2025-06-12T22:21:31+00:00\" \/>\n<meta property=\"og:image\" content=\"https:\/\/areiaislamujeres.com\/es\/wp-content\/uploads\/sites\/2\/2024\/09\/areia-sin-apellido.png\" \/>\n\t<meta property=\"og:image:width\" content=\"450\" \/>\n\t<meta property=\"og:image:height\" content=\"138\" \/>\n\t<meta property=\"og:image:type\" content=\"image\/png\" \/>\n<meta name=\"twitter:card\" content=\"summary_large_image\" \/>\n<meta name=\"twitter:label1\" content=\"Tiempo de lectura\" \/>\n\t<meta name=\"twitter:data1\" content=\"5 minutos\" \/>\n<script type=\"application\/ld+json\" class=\"yoast-schema-graph\">{\"@context\":\"https:\/\/schema.org\",\"@graph\":[{\"@type\":\"WebPage\",\"@id\":\"https:\/\/areiaislamujeres.com\/es\/blog\/\",\"url\":\"https:\/\/areiaislamujeres.com\/es\/blog\/\",\"name\":\"Blog - Areia Restaurant & Beach Club es\",\"isPartOf\":{\"@id\":\"https:\/\/areiaislamujeres.com\/es\/#website\"},\"primaryImageOfPage\":{\"@id\":\"https:\/\/areiaislamujeres.com\/es\/blog\/#primaryimage\"},\"image\":{\"@id\":\"https:\/\/areiaislamujeres.com\/es\/blog\/#primaryimage\"},\"thumbnailUrl\":\"https:\/\/areiaislamujeres.com\/es\/wp-content\/uploads\/sites\/2\/2024\/09\/areia-sin-apellido.png\",\"datePublished\":\"2024-09-26T18:34:36+00:00\",\"dateModified\":\"2025-06-12T22:21:31+00:00\",\"breadcrumb\":{\"@id\":\"https:\/\/areiaislamujeres.com\/es\/blog\/#breadcrumb\"},\"inLanguage\":\"es\",\"potentialAction\":[{\"@type\":\"ReadAction\",\"target\":[\"https:\/\/areiaislamujeres.com\/es\/blog\/\"]}]},{\"@type\":\"ImageObject\",\"inLanguage\":\"es\",\"@id\":\"https:\/\/areiaislamujeres.com\/es\/blog\/#primaryimage\",\"url\":\"https:\/\/areiaislamujeres.com\/es\/wp-content\/uploads\/sites\/2\/2024\/09\/areia-sin-apellido.png\",\"contentUrl\":\"https:\/\/areiaislamujeres.com\/es\/wp-content\/uploads\/sites\/2\/2024\/09\/areia-sin-apellido.png\",\"width\":450,\"height\":138},{\"@type\":\"BreadcrumbList\",\"@id\":\"https:\/\/areiaislamujeres.com\/es\/blog\/#breadcrumb\",\"itemListElement\":[{\"@type\":\"ListItem\",\"position\":1,\"name\":\"Inicio\",\"item\":\"https:\/\/areiaislamujeres.com\/es\/\"},{\"@type\":\"ListItem\",\"position\":2,\"name\":\"Blog\"}]},{\"@type\":\"WebSite\",\"@id\":\"https:\/\/areiaislamujeres.com\/es\/#website\",\"url\":\"https:\/\/areiaislamujeres.com\/es\/\",\"name\":\"Areia Restaurant & Beach Club es\",\"description\":\"\",\"publisher\":{\"@id\":\"https:\/\/areiaislamujeres.com\/es\/#organization\"},\"potentialAction\":[{\"@type\":\"SearchAction\",\"target\":{\"@type\":\"EntryPoint\",\"urlTemplate\":\"https:\/\/areiaislamujeres.com\/es\/?s={search_term_string}\"},\"query-input\":{\"@type\":\"PropertyValueSpecification\",\"valueRequired\":true,\"valueName\":\"search_term_string\"}}],\"inLanguage\":\"es\"},{\"@type\":\"Organization\",\"@id\":\"https:\/\/areiaislamujeres.com\/es\/#organization\",\"name\":\"Areia Restaurant & Beach Club es\",\"url\":\"https:\/\/areiaislamujeres.com\/es\/\",\"logo\":{\"@type\":\"ImageObject\",\"inLanguage\":\"es\",\"@id\":\"https:\/\/areiaislamujeres.com\/es\/#\/schema\/logo\/image\/\",\"url\":\"https:\/\/areiaislamujeres.com\/es\/wp-content\/uploads\/sites\/2\/2024\/09\/areia-sin-apellido.png\",\"contentUrl\":\"https:\/\/areiaislamujeres.com\/es\/wp-content\/uploads\/sites\/2\/2024\/09\/areia-sin-apellido.png\",\"width\":450,\"height\":138,\"caption\":\"Areia Restaurant & Beach Club es\"},\"image\":{\"@id\":\"https:\/\/areiaislamujeres.com\/es\/#\/schema\/logo\/image\/\"}}]}<\/script>\n<!-- \/ Yoast SEO plugin. -->","yoast_head_json":{"title":"Blog - Areia Restaurant & Beach Club es","robots":{"index":"index","follow":"follow","max-snippet":"max-snippet:-1","max-image-preview":"max-image-preview:large","max-video-preview":"max-video-preview:-1"},"canonical":"https:\/\/areiaislamujeres.com\/es\/blog\/","og_locale":"es_MX","og_type":"article","og_title":"Blog - Areia Restaurant & Beach Club es","og_description":"Blog","og_url":"https:\/\/areiaislamujeres.com\/es\/blog\/","og_site_name":"Areia Restaurant & Beach Club es","article_modified_time":"2025-06-12T22:21:31+00:00","og_image":[{"width":450,"height":138,"url":"https:\/\/areiaislamujeres.com\/es\/wp-content\/uploads\/sites\/2\/2024\/09\/areia-sin-apellido.png","type":"image\/png"}],"twitter_card":"summary_large_image","twitter_misc":{"Tiempo de lectura":"5 minutos"},"schema":{"@context":"https:\/\/schema.org","@graph":[{"@type":"WebPage","@id":"https:\/\/areiaislamujeres.com\/es\/blog\/","url":"https:\/\/areiaislamujeres.com\/es\/blog\/","name":"Blog - Areia Restaurant & Beach Club es","isPartOf":{"@id":"https:\/\/areiaislamujeres.com\/es\/#website"},"primaryImageOfPage":{"@id":"https:\/\/areiaislamujeres.com\/es\/blog\/#primaryimage"},"image":{"@id":"https:\/\/areiaislamujeres.com\/es\/blog\/#primaryimage"},"thumbnailUrl":"https:\/\/areiaislamujeres.com\/es\/wp-content\/uploads\/sites\/2\/2024\/09\/areia-sin-apellido.png","datePublished":"2024-09-26T18:34:36+00:00","dateModified":"2025-06-12T22:21:31+00:00","breadcrumb":{"@id":"https:\/\/areiaislamujeres.com\/es\/blog\/#breadcrumb"},"inLanguage":"es","potentialAction":[{"@type":"ReadAction","target":["https:\/\/areiaislamujeres.com\/es\/blog\/"]}]},{"@type":"ImageObject","inLanguage":"es","@id":"https:\/\/areiaislamujeres.com\/es\/blog\/#primaryimage","url":"https:\/\/areiaislamujeres.com\/es\/wp-content\/uploads\/sites\/2\/2024\/09\/areia-sin-apellido.png","contentUrl":"https:\/\/areiaislamujeres.com\/es\/wp-content\/uploads\/sites\/2\/2024\/09\/areia-sin-apellido.png","width":450,"height":138},{"@type":"BreadcrumbList","@id":"https:\/\/areiaislamujeres.com\/es\/blog\/#breadcrumb","itemListElement":[{"@type":"ListItem","position":1,"name":"Inicio","item":"https:\/\/areiaislamujeres.com\/es\/"},{"@type":"ListItem","position":2,"name":"Blog"}]},{"@type":"WebSite","@id":"https:\/\/areiaislamujeres.com\/es\/#website","url":"https:\/\/areiaislamujeres.com\/es\/","name":"Areia Restaurant & Beach Club es","description":"","publisher":{"@id":"https:\/\/areiaislamujeres.com\/es\/#organization"},"potentialAction":[{"@type":"SearchAction","target":{"@type":"EntryPoint","urlTemplate":"https:\/\/areiaislamujeres.com\/es\/?s={search_term_string}"},"query-input":{"@type":"PropertyValueSpecification","valueRequired":true,"valueName":"search_term_string"}}],"inLanguage":"es"},{"@type":"Organization","@id":"https:\/\/areiaislamujeres.com\/es\/#organization","name":"Areia Restaurant & Beach Club es","url":"https:\/\/areiaislamujeres.com\/es\/","logo":{"@type":"ImageObject","inLanguage":"es","@id":"https:\/\/areiaislamujeres.com\/es\/#\/schema\/logo\/image\/","url":"https:\/\/areiaislamujeres.com\/es\/wp-content\/uploads\/sites\/2\/2024\/09\/areia-sin-apellido.png","contentUrl":"https:\/\/areiaislamujeres.com\/es\/wp-content\/uploads\/sites\/2\/2024\/09\/areia-sin-apellido.png","width":450,"height":138,"caption":"Areia Restaurant & Beach Club es"},"image":{"@id":"https:\/\/areiaislamujeres.com\/es\/#\/schema\/logo\/image\/"}}]}},"_links":{"self":[{"href":"https:\/\/areiaislamujeres.com\/es\/wp-json\/wp\/v2\/pages\/1474","targetHints":{"allow":["GET"]}}],"collection":[{"href":"https:\/\/areiaislamujeres.com\/es\/wp-json\/wp\/v2\/pages"}],"about":[{"href":"https:\/\/areiaislamujeres.com\/es\/wp-json\/wp\/v2\/types\/page"}],"author":[{"embeddable":true,"href":"https:\/\/areiaislamujeres.com\/es\/wp-json\/wp\/v2\/users\/1"}],"replies":[{"embeddable":true,"href":"https:\/\/areiaislamujeres.com\/es\/wp-json\/wp\/v2\/comments?post=1474"}],"version-history":[{"count":20,"href":"https:\/\/areiaislamujeres.com\/es\/wp-json\/wp\/v2\/pages\/1474\/revisions"}],"predecessor-version":[{"id":2179,"href":"https:\/\/areiaislamujeres.com\/es\/wp-json\/wp\/v2\/pages\/1474\/revisions\/2179"}],"wp:attachment":[{"href":"https:\/\/areiaislamujeres.com\/es\/wp-json\/wp\/v2\/media?parent=1474"}],"curies":[{"name":"wp","href":"https:\/\/api.w.org\/{rel}","templated":true}]}}